{"id":838,"date":"2026-02-04T20:08:57","date_gmt":"2026-02-05T01:08:57","guid":{"rendered":"https:\/\/russellkincta.ca\/?page_id=838"},"modified":"2026-04-30T14:30:30","modified_gmt":"2026-04-30T18:30:30","slug":"nos-oeuvres-caritatives","status":"publish","type":"page","link":"https:\/\/russellkincta.ca\/fr\/nos-oeuvres-caritatives\/","title":{"rendered":"Nos \u0153uvres caritatives"},"content":{"rendered":"\t\t<div data-elementor-type=\"wp-page\" data-elementor-id=\"838\" class=\"elementor elementor-838 elementor-45\" data-elementor-post-type=\"page\">\n\t\t\t\t<div class=\"elementor-element elementor-element-0fda11a e-flex e-con-boxed e-con e-parent\" data-id=\"0fda11a\" data-element_type=\"container\" data-e-type=\"container\">\n\t\t\t\t\t<div class=\"e-con-inner\">\n\t\t\t\t<div class=\"elementor-element elementor-element-317db8b elementor-widget elementor-widget-text-editor\" data-id=\"317db8b\" data-element_type=\"widget\" data-e-type=\"widget\" data-widget_type=\"text-editor.default\">\n\t\t\t\t\t\t\t\t\t<p>1 5 Cyclone Royal Air Cadets <br \/>2 Big Brothers Big Sisters Cornwall<br \/>3 Breast Cancer Action Ottawa <br \/>4 Canadian Guide Dogs for the Blind<br \/>5 Community Navigation Eastern Ontario 211<br \/>6 Cystic Fibrosis Canada &#8211; Ontario Region<br \/>7 Dundas County Hospice <br \/>8 Good Neighbours Food Bank<br \/>9 H.O.P.E. Helps<br \/>10 Hospice Care Ottawa<br \/>11 Kin Canada Foundation<br \/>12 Maison des Arts<br \/>13 Maison Interlude House<br \/>14 Maison Tucker House Renewal Centre<br \/>15 Make a Wish Foundation<br \/>16 Maxville Manor Foundation<br \/>17 Prescott Russell Recreation Trail<br \/>18 Regroupement Autisme Prescott-Russell<br \/>19 Russell Association for the Performing Arts<br \/>20 Youth Sports Equipment (Russell Township)<br \/>21 Special Olympics Ontario<br \/>22 Biblioth\u00e8que publique de La Nation<br \/>23 USHER 1F Collaborative <br \/>24 Valoris Foundation Valoris<br \/>25 WDMH Foundation <br \/>26 <br \/>27 H\u00f4pital Montfort<br \/>28 CHEO Hospital Foundation<br \/>29 Sherwood Park Manor LTC<br \/>30 Hawksbury and District General Hospital Foundation<br \/>31 Cassellman Municipality (Youth Sports Equipment)<br \/>32 Russell Agricultural Society<br \/>33 TVC 22<br \/>34 Innovative Community Support Services (ICSS)<br \/>35 Kinsmen Club of Brockville (Youth Sports Equipment)<\/p>\t\t\t\t\t\t\t\t<\/div>\n\t\t\t\t\t<\/div>\n\t\t\t\t<\/div>\n\t\t\t\t<\/div>\n\t\t","protected":false},"excerpt":{"rendered":"<p>1 5 Cyclone Royal Air Cadets 2 Big Brothers Big Sisters Cornwall3 Breast Cancer Action Ottawa 4 Canadian Guide Dogs for the Blind5 Community Navigation Eastern Ontario 2116 Cystic Fibrosis Canada &#8211; Ontario Region7 Dundas County Hospice 8 Good Neighbours Food Bank9 H.O.P.E. Helps10 Hospice Care Ottawa11 Kin Canada Foundation12 Maison des Arts13 Maison Interlude [&hellip;]<\/p>\n","protected":false},"author":2,"featured_media":0,"parent":0,"menu_order":0,"comment_status":"closed","ping_status":"closed","template":"elementor_header_footer","meta":{"_acf_changed":false,"_seopress_robots_primary_cat":"","_seopress_titles_title":"","_seopress_titles_desc":"D\u00e9couvrez comment le Kin Club de Russell soutient les organismes locaux gr\u00e2ce aux dons et \u00e0 des collectes comme Catch the Ace.","_seopress_robots_index":"","footnotes":""},"class_list":["post-838","page","type-page","status-publish","hentry"],"acf":[],"_links":{"self":[{"href":"https:\/\/russellkincta.ca\/fr\/wp-json\/wp\/v2\/pages\/838","targetHints":{"allow":["GET"]}}],"collection":[{"href":"https:\/\/russellkincta.ca\/fr\/wp-json\/wp\/v2\/pages"}],"about":[{"href":"https:\/\/russellkincta.ca\/fr\/wp-json\/wp\/v2\/types\/page"}],"author":[{"embeddable":true,"href":"https:\/\/russellkincta.ca\/fr\/wp-json\/wp\/v2\/users\/2"}],"replies":[{"embeddable":true,"href":"https:\/\/russellkincta.ca\/fr\/wp-json\/wp\/v2\/comments?post=838"}],"version-history":[{"count":8,"href":"https:\/\/russellkincta.ca\/fr\/wp-json\/wp\/v2\/pages\/838\/revisions"}],"predecessor-version":[{"id":7518,"href":"https:\/\/russellkincta.ca\/fr\/wp-json\/wp\/v2\/pages\/838\/revisions\/7518"}],"wp:attachment":[{"href":"https:\/\/russellkincta.ca\/fr\/wp-json\/wp\/v2\/media?parent=838"}],"curies":[{"name":"wp","href":"https:\/\/api.w.org\/{rel}","templated":true}]}}