{"id":836,"date":"2026-02-04T20:08:57","date_gmt":"2026-02-05T01:08:57","guid":{"rendered":"https:\/\/russellkincta.ca\/?page_id=836"},"modified":"2026-04-13T15:57:04","modified_gmt":"2026-04-13T19:57:04","slug":"nos-dons","status":"publish","type":"page","link":"https:\/\/russellkincta.ca\/fr\/nos-dons\/","title":{"rendered":"Nos dons"},"content":{"rendered":"","protected":false},"excerpt":{"rendered":"","protected":false},"author":2,"featured_media":0,"parent":0,"menu_order":0,"comment_status":"closed","ping_status":"closed","template":"elementor_header_footer","meta":{"_acf_changed":false,"_seopress_robots_primary_cat":"","_seopress_titles_title":"","_seopress_titles_desc":"Nous soutenons la communaut\u00e9 locale gr\u00e2ce au programme de dons, finan\u00e7ant des organismes de bienfaisance, des initiatives jeunesse et des services essentiels.","_seopress_robots_index":"","footnotes":""},"class_list":["post-836","page","type-page","status-publish","hentry"],"acf":[],"_links":{"self":[{"href":"https:\/\/russellkincta.ca\/fr\/wp-json\/wp\/v2\/pages\/836","targetHints":{"allow":["GET"]}}],"collection":[{"href":"https:\/\/russellkincta.ca\/fr\/wp-json\/wp\/v2\/pages"}],"about":[{"href":"https:\/\/russellkincta.ca\/fr\/wp-json\/wp\/v2\/types\/page"}],"author":[{"embeddable":true,"href":"https:\/\/russellkincta.ca\/fr\/wp-json\/wp\/v2\/users\/2"}],"replies":[{"embeddable":true,"href":"https:\/\/russellkincta.ca\/fr\/wp-json\/wp\/v2\/comments?post=836"}],"version-history":[{"count":1,"href":"https:\/\/russellkincta.ca\/fr\/wp-json\/wp\/v2\/pages\/836\/revisions"}],"predecessor-version":[{"id":837,"href":"https:\/\/russellkincta.ca\/fr\/wp-json\/wp\/v2\/pages\/836\/revisions\/837"}],"wp:attachment":[{"href":"https:\/\/russellkincta.ca\/fr\/wp-json\/wp\/v2\/media?parent=836"}],"curies":[{"name":"wp","href":"https:\/\/api.w.org\/{rel}","templated":true}]}}