{"id":834,"date":"2026-02-04T20:12:49","date_gmt":"2026-02-05T01:12:49","guid":{"rendered":"https:\/\/russellkincta.ca\/?page_id=834"},"modified":"2026-04-13T10:49:07","modified_gmt":"2026-04-13T14:49:07","slug":"depannage","status":"publish","type":"page","link":"https:\/\/russellkincta.ca\/fr\/depannage\/","title":{"rendered":"D\u00e9pannage"},"content":{"rendered":"\t\t<div data-elementor-type=\"wp-page\" data-elementor-id=\"834\" class=\"elementor elementor-834 elementor-61\" data-elementor-post-type=\"page\">\n\t\t\t\t<div class=\"elementor-element elementor-element-541cf46 e-flex e-con-boxed e-con e-parent\" data-id=\"541cf46\" data-element_type=\"container\" data-e-type=\"container\">\n\t\t\t\t\t<div class=\"e-con-inner\">\n\t\t<div class=\"elementor-element elementor-element-605689e e-con-full e-flex e-con e-child\" data-id=\"605689e\" data-element_type=\"container\" data-e-type=\"container\">\n\t\t\t\t<div class=\"elementor-element elementor-element-fc1c6e1 elementor-widget elementor-widget-text-editor\" data-id=\"fc1c6e1\" data-element_type=\"widget\" data-e-type=\"widget\" data-widget_type=\"text-editor.default\">\n\t\t\t\t\t\t\t\t\t<p><em><strong>Conseil<\/strong> : Si nous avons des difficult\u00e9s \u00e0 v\u00e9rifier votre emplacement, veuillez vous assurer que vous n\u2019utilisez pas de VPN. Les VPN, les r\u00e9seaux professionnels (comme les r\u00e9seaux gouvernementaux ou d\u2019entreprise) ou certaines connexions s\u00e9curis\u00e9es peuvent masquer votre v\u00e9ritable emplacement ou ne pas afficher d\u2019adresse Internet publique. Pour de meilleurs r\u00e9sultats, essayez d\u2019acc\u00e9der \u00e0 cette page depuis un appareil personnel connect\u00e9 \u00e0 Internet (domicile ou mobile).<\/em><\/p>\t\t\t\t\t\t\t\t<\/div>\n\t\t\t\t<div class=\"elementor-element elementor-element-742e6e6 elementor-widget elementor-widget-button\" data-id=\"742e6e6\" data-element_type=\"widget\" data-e-type=\"widget\" role=\"\" data-widget_type=\"button.default\">\n\t\t\t\t\t\t\t\t\t\t<a class=\"elementor-button elementor-size-sm\" role=\"button\">\n\t\t\t\t\t\t<span class=\"elementor-button-content-wrapper\">\n\t\t\t\t\t\t<span class=\"elementor-button-icon\">\n\t\t\t\t<svg aria-hidden=\"true\" class=\"e-font-icon-svg e-fas-comment-dots\" viewBox=\"0 0 512 512\" xmlns=\"http:\/\/www.w3.org\/2000\/svg\"><path d=\"M256 32C114.6 32 0 125.1 0 240c0 49.6 21.4 95 57 130.7C44.5 421.1 2.7 466 2.2 466.5c-2.2 2.3-2.8 5.7-1.5 8.7S4.8 480 8 480c66.3 0 116-31.8 140.6-51.4 32.7 12.3 69 19.4 107.4 19.4 141.4 0 256-93.1 256-208S397.4 32 256 32zM128 272c-17.7 0-32-14.3-32-32s14.3-32 32-32 32 14.3 32 32-14.3 32-32 32zm128 0c-17.7 0-32-14.3-32-32s14.3-32 32-32 32 14.3 32 32-14.3 32-32 32zm128 0c-17.7 0-32-14.3-32-32s14.3-32 32-32 32 14.3 32 32-14.3 32-32 32z\"><\/path><\/svg>\t\t\t<\/span>\n\t\t\t\t\t\t\t\t\t<span class=\"elementor-button-text\">Avez-vous essay\u00e9 de discuter avec notre chatbot IA, Rufus ?<\/span>\n\t\t\t\t\t<\/span>\n\t\t\t\t\t<\/a>\n\t\t\t\t\t\t\t\t<\/div>\n\t\t\t\t<\/div>\n\t\t\t\t\t<\/div>\n\t\t\t\t<\/div>\n\t\t<div class=\"elementor-element elementor-element-73ce160 e-flex e-con-boxed e-con e-parent\" data-id=\"73ce160\" data-element_type=\"container\" data-e-type=\"container\">\n\t\t\t\t\t<div class=\"e-con-inner\">\n\t\t<div class=\"elementor-element elementor-element-74e0e4a e-con-full e-flex e-con e-child\" data-id=\"74e0e4a\" data-element_type=\"container\" data-e-type=\"container\">\n\t\t\t\t<div class=\"elementor-element elementor-element-4c293f7 elementor-widget elementor-widget-heading\" data-id=\"4c293f7\" data-element_type=\"widget\" data-e-type=\"widget\" data-widget_type=\"heading.default\">\n\t\t\t\t\t<span class=\"elementor-heading-title elementor-size-default\">Si vous voyez ce message :<\/span>\t\t\t\t<\/div>\n\t\t\t\t<div class=\"elementor-element elementor-element-d1c88de elementor-widget elementor-widget-image\" data-id=\"d1c88de\" data-element_type=\"widget\" data-e-type=\"widget\" data-widget_type=\"image.default\">\n\t\t\t\t\t\t\t\t\t\t\t\t\t\t\t<img fetchpriority=\"high\" decoding=\"async\" width=\"499\" height=\"830\" src=\"https:\/\/russellkincta.ca\/wp-content\/uploads\/2026\/03\/wanring-message-French.png\" class=\"attachment-large size-large wp-image-1323\" alt=\"wanring message French\" srcset=\"https:\/\/russellkincta.ca\/wp-content\/uploads\/2026\/03\/wanring-message-French.png 499w, https:\/\/russellkincta.ca\/wp-content\/uploads\/2026\/03\/wanring-message-French-180x300.png 180w\" sizes=\"(max-width: 499px) 100vw, 499px\" \/>\t\t\t\t\t\t\t\t\t\t\t\t\t\t\t<\/div>\n\t\t\t\t<\/div>\n\t\t<div class=\"elementor-element elementor-element-4d99a96 e-con-full e-flex e-con e-child\" data-id=\"4d99a96\" data-element_type=\"container\" data-e-type=\"container\">\n\t\t\t\t<div class=\"elementor-element elementor-element-72e221d elementor-widget__width-initial elementor-widget elementor-widget-text-editor\" data-id=\"72e221d\" data-element_type=\"widget\" data-e-type=\"widget\" data-widget_type=\"text-editor.default\">\n\t\t\t\t\t\t\t\t\t<div><p>Vous pouvez utiliser notre v\u00e9rificateur de g\u00e9olocalisation.<\/p><br \/><p>Faites d\u00e9filer la page vers le bas <a href=\"https:\/\/www.maxmind.com\/en\/home\" target=\"_blank\" rel=\"noopener\">ici<\/a> : et recherchez vos donn\u00e9es de localisation :<\/p><\/div><div>\u00a0<\/div><div><p>\u00a0<img decoding=\"async\" class=\"size-medium wp-image-1101\" title=\"Maxmind\" src=\"https:\/\/russellkincta.ca\/wp-content\/uploads\/2026\/03\/Maxmind-300x214.png\" alt=\"Maxmind\" width=\"300\" height=\"214\" srcset=\"https:\/\/russellkincta.ca\/wp-content\/uploads\/2026\/03\/Maxmind-300x214.png 300w, https:\/\/russellkincta.ca\/wp-content\/uploads\/2026\/03\/Maxmind.png 711w\" sizes=\"(max-width: 300px) 100vw, 300px\" \/><\/p><\/div><p>Si l\u2019emplacement ne correspond pas \u00e0 celui affich\u00e9 sur la page d\u2019achat de billets, veuillez nous contacter \u00e0 l\u2019adresse <a href=\"mailto:CTAHelpdesk@kinclubofrussell.ca\">CTAHelpdesk@kinclubofrussell.ca<\/a><\/p><div><i>\u00a0<\/i><\/div><div>\u00a0<\/div>\t\t\t\t\t\t\t\t<\/div>\n\t\t\t\t<\/div>\n\t\t\t\t\t<\/div>\n\t\t\t\t<\/div>\n\t\t\t\t<\/div>\n\t\t","protected":false},"excerpt":{"rendered":"<p>Conseil : Si nous avons des difficult\u00e9s \u00e0 v\u00e9rifier votre emplacement, veuillez vous assurer que vous n\u2019utilisez pas de VPN. Les VPN, les r\u00e9seaux professionnels (comme les r\u00e9seaux gouvernementaux ou d\u2019entreprise) ou certaines connexions s\u00e9curis\u00e9es peuvent masquer votre v\u00e9ritable emplacement ou ne pas afficher d\u2019adresse Internet publique. Pour de meilleurs r\u00e9sultats, essayez d\u2019acc\u00e9der \u00e0 cette [&hellip;]<\/p>\n","protected":false},"author":2,"featured_media":0,"parent":0,"menu_order":6,"comment_status":"closed","ping_status":"closed","template":"elementor_header_footer","meta":{"_acf_changed":false,"_seopress_robots_primary_cat":"","_seopress_titles_title":"","_seopress_titles_desc":"Vous rencontrez des difficult\u00e9s pour v\u00e9rifier votre emplacement ? D\u00e9couvrez comment r\u00e9soudre les probl\u00e8mes li\u00e9s au VPN et au r\u00e9seau.","_seopress_robots_index":"","footnotes":""},"class_list":["post-834","page","type-page","status-publish","hentry"],"acf":[],"_links":{"self":[{"href":"https:\/\/russellkincta.ca\/fr\/wp-json\/wp\/v2\/pages\/834","targetHints":{"allow":["GET"]}}],"collection":[{"href":"https:\/\/russellkincta.ca\/fr\/wp-json\/wp\/v2\/pages"}],"about":[{"href":"https:\/\/russellkincta.ca\/fr\/wp-json\/wp\/v2\/types\/page"}],"author":[{"embeddable":true,"href":"https:\/\/russellkincta.ca\/fr\/wp-json\/wp\/v2\/users\/2"}],"replies":[{"embeddable":true,"href":"https:\/\/russellkincta.ca\/fr\/wp-json\/wp\/v2\/comments?post=834"}],"version-history":[{"count":5,"href":"https:\/\/russellkincta.ca\/fr\/wp-json\/wp\/v2\/pages\/834\/revisions"}],"predecessor-version":[{"id":3665,"href":"https:\/\/russellkincta.ca\/fr\/wp-json\/wp\/v2\/pages\/834\/revisions\/3665"}],"wp:attachment":[{"href":"https:\/\/russellkincta.ca\/fr\/wp-json\/wp\/v2\/media?parent=834"}],"curies":[{"name":"wp","href":"https:\/\/api.w.org\/{rel}","templated":true}]}}