{"id":818,"date":"2026-02-04T20:14:25","date_gmt":"2026-02-05T01:14:25","guid":{"rendered":"https:\/\/russellkincta.ca\/?page_id=818"},"modified":"2026-04-13T10:45:42","modified_gmt":"2026-04-13T14:45:42","slug":"comment-ca-marche","status":"publish","type":"page","link":"https:\/\/russellkincta.ca\/fr\/comment-ca-marche\/","title":{"rendered":"Comment \u00e7a marche"},"content":{"rendered":"\t\t<div data-elementor-type=\"wp-page\" data-elementor-id=\"818\" class=\"elementor elementor-818 elementor-64\" data-elementor-post-type=\"page\">\n\t\t\t\t<div class=\"elementor-element elementor-element-43b5b12 e-flex e-con-boxed e-con e-parent\" data-id=\"43b5b12\" data-element_type=\"container\" data-e-type=\"container\">\n\t\t\t\t\t<div class=\"e-con-inner\">\n\t\t\t\t<div class=\"elementor-element elementor-element-55ba273 elementor-widget elementor-widget-heading\" data-id=\"55ba273\" data-element_type=\"widget\" data-e-type=\"widget\" data-widget_type=\"heading.default\">\n\t\t\t\t\t<span class=\"elementor-heading-title elementor-size-default\">Trouvez l\u2019as<\/span>\t\t\t\t<\/div>\n\t\t\t\t<div class=\"elementor-element elementor-element-98d6614 elementor-widget elementor-widget-text-editor\" data-id=\"98d6614\" data-element_type=\"widget\" data-e-type=\"widget\" data-widget_type=\"text-editor.default\">\n\t\t\t\t\t\t\t\t\t<p>Trouvez l\u2019as est une loterie progressive r\u00e9gie par les r\u00e8gles de l\u2019CAJO.<\/p><p>Nous commen\u00e7ons par m\u00e9langer les 52 cartes d\u2019un jeu, les remettons face visible, puis glissons chaque carte dans son enveloppe, toujours sans la voir. Les enveloppes sont ensuite scell\u00e9es, m\u00e9lang\u00e9es \u00e0 nouveau, puis num\u00e9rot\u00e9es de 1 \u00e0 52. Nous ne savons pas quelles cartes se trouvent dans quelles enveloppes.<\/p><p>Les billets sont vendus en ligne et au format papier. L\u2019acheteur indique son nom, son num\u00e9ro de t\u00e9l\u00e9phone et l\u2019enveloppe de son choix. Les talons de billets en ligne et les talons de billets papier sont de taille, de couleur, de stock et de poids identiques. Tous les billets achet\u00e9s entre 16 h le dimanche et environ midi le dimanche suivant (la vente de billets en ligne cesse \u00e0 22 h 00 le samedi) sont plac\u00e9s dans le bac de la tombola. Les billets sont valables uniquement pour la semaine de leur achat.<\/p><p>Chaque semaine, un gagnant remporte 20 % du total des ventes de la semaine du tirage. Concr\u00e8tement, cela repr\u00e9sente 2 $ par billet vendu pour le gagnant hebdomadaire, et 30 % des ventes de la semaine sont vers\u00e9s au jackpot progressif total lorsque l&rsquo;as de pique est la carte contenue dans l&rsquo;enveloppe s\u00e9lectionn\u00e9e par le d\u00e9tenteur du billet cette semaine-l\u00e0.<\/p><p>Chaque semaine, le dimanche \u00e0 15 h 15, nous proc\u00e9dons \u00e0 un tirage au sort de tous les billets achet\u00e9s au cours de la semaine (les billets ne sont valables que pour la semaine au cours de laquelle ils ont \u00e9t\u00e9 achet\u00e9s). Un seul billet est tir\u00e9 au sort. Seul le porteur du billet remporte le jackpot hebdomadaire, quel que soit le nombre de personnes ayant s\u00e9lectionn\u00e9 le m\u00eame num\u00e9ro d&rsquo;enveloppe.<\/p><p>Le billet tir\u00e9 au sort remporte 20 % du total des ventes de la semaine au cours de laquelle il a \u00e9t\u00e9 tir\u00e9. 30 % du total des ventes hebdomadaires sont r\u00e9serv\u00e9s au gagnant du jackpot progressif lorsque l&rsquo;as de pique se trouve dans l&rsquo;enveloppe choisie par le d\u00e9tenteur du billet tir\u00e9 au sort.<\/p><p>Le billet tir\u00e9 porte le num\u00e9ro choisi par ce gagnant et SEUL le d\u00e9tenteur de ce billet remporte le prix hebdomadaire, quel que soit le nombre de personnes ayant s\u00e9lectionn\u00e9 le m\u00eame num\u00e9ro. Si l&rsquo;enveloppe ouverte contient l&rsquo;as de pique, seul le d\u00e9tenteur de ce billet remporte le prix hebdomadaire ET le jackpot. Si l&rsquo;enveloppe s\u00e9lectionn\u00e9e ne contient pas l&rsquo;as de pique, le num\u00e9ro de l&rsquo;enveloppe est retir\u00e9 et ne peut plus \u00eatre s\u00e9lectionn\u00e9.<\/p><p><strong>Un\u00a0<\/strong>billet tir\u00e9 chaque semaine = un gagnant chaque semaine, quel que soit le nombre de personnes ayant choisi ce num\u00e9ro d&rsquo;enveloppe.<\/p>\t\t\t\t\t\t\t\t<\/div>\n\t\t\t\t\t<\/div>\n\t\t\t\t<\/div>\n\t\t\t\t<\/div>\n\t\t","protected":false},"excerpt":{"rendered":"<p>Trouvez l\u2019as Trouvez l\u2019as est une loterie progressive r\u00e9gie par les r\u00e8gles de l\u2019CAJO. Nous commen\u00e7ons par m\u00e9langer les 52 cartes d\u2019un jeu, les remettons face visible, puis glissons chaque carte dans son enveloppe, toujours sans la voir. Les enveloppes sont ensuite scell\u00e9es, m\u00e9lang\u00e9es \u00e0 nouveau, puis num\u00e9rot\u00e9es de 1 \u00e0 52. Nous ne savons [&hellip;]<\/p>\n","protected":false},"author":2,"featured_media":0,"parent":0,"menu_order":2,"comment_status":"closed","ping_status":"closed","template":"elementor_header_footer","meta":{"_acf_changed":false,"_seopress_robots_primary_cat":"","_seopress_titles_title":"","_seopress_titles_desc":"D\u00e9couvrez le fonctionnement de Catch the Ace, notamment les tirages hebdomadaires, le choix des enveloppes et les r\u00e8gles relatives aux tickets.","_seopress_robots_index":"","footnotes":""},"class_list":["post-818","page","type-page","status-publish","hentry"],"acf":[],"_links":{"self":[{"href":"https:\/\/russellkincta.ca\/fr\/wp-json\/wp\/v2\/pages\/818","targetHints":{"allow":["GET"]}}],"collection":[{"href":"https:\/\/russellkincta.ca\/fr\/wp-json\/wp\/v2\/pages"}],"about":[{"href":"https:\/\/russellkincta.ca\/fr\/wp-json\/wp\/v2\/types\/page"}],"author":[{"embeddable":true,"href":"https:\/\/russellkincta.ca\/fr\/wp-json\/wp\/v2\/users\/2"}],"replies":[{"embeddable":true,"href":"https:\/\/russellkincta.ca\/fr\/wp-json\/wp\/v2\/comments?post=818"}],"version-history":[{"count":11,"href":"https:\/\/russellkincta.ca\/fr\/wp-json\/wp\/v2\/pages\/818\/revisions"}],"predecessor-version":[{"id":3658,"href":"https:\/\/russellkincta.ca\/fr\/wp-json\/wp\/v2\/pages\/818\/revisions\/3658"}],"wp:attachment":[{"href":"https:\/\/russellkincta.ca\/fr\/wp-json\/wp\/v2\/media?parent=818"}],"curies":[{"name":"wp","href":"https:\/\/api.w.org\/{rel}","templated":true}]}}