{"id":393,"date":"2026-02-04T20:12:49","date_gmt":"2026-02-05T01:12:49","guid":{"rendered":"https:\/\/russellkincta.ca\/?page_id=393"},"modified":"2026-04-13T10:47:57","modified_gmt":"2026-04-13T14:47:57","slug":"les-regles-du-jeu","status":"publish","type":"page","link":"https:\/\/russellkincta.ca\/fr\/les-regles-du-jeu\/","title":{"rendered":"Les r\u00e8gles du jeu"},"content":{"rendered":"\t\t<div data-elementor-type=\"wp-page\" data-elementor-id=\"393\" class=\"elementor elementor-393 elementor-57\" data-elementor-post-type=\"page\">\n\t\t\t\t<div class=\"elementor-element elementor-element-4d09820 e-flex e-con-boxed e-con e-parent\" data-id=\"4d09820\" data-element_type=\"container\" data-e-type=\"container\">\n\t\t\t\t\t<div class=\"e-con-inner\">\n\t\t\t\t<div class=\"elementor-element elementor-element-889d4b6 elementor-widget elementor-widget-text-editor\" data-id=\"889d4b6\" data-element_type=\"widget\" data-e-type=\"widget\" data-widget_type=\"text-editor.default\">\n\t\t\t\t\t\t\t\t\t<strong>1.<\/strong> Les participants doivent \u00eatre \u00e2g\u00e9s d&rsquo;au moins 18 ans pour acheter des billets. Toute personne mineure achetant des billets sera disqualifi\u00e9e du tirage au sort et\/ou ne pourra pas gagner.\t\t\t\t\t\t\t\t<\/div>\n\t\t\t\t<div class=\"elementor-element elementor-element-b4a76f4 elementor-widget elementor-widget-text-editor\" data-id=\"b4a76f4\" data-element_type=\"widget\" data-e-type=\"widget\" data-widget_type=\"text-editor.default\">\n\t\t\t\t\t\t\t\t\t<strong>2.<\/strong> Les billets ne peuvent \u00eatre achet\u00e9s au nom de personnes mineures ou en leur nom. Encore une fois, ces personnes et leurs billets seraient disqualifi\u00e9s du tirage au sort et\/ou ne pourraient pr\u00e9tendre \u00e0 aucun gain.\t\t\t\t\t\t\t\t<\/div>\n\t\t\t\t<div class=\"elementor-element elementor-element-44041e6 elementor-widget elementor-widget-text-editor\" data-id=\"44041e6\" data-element_type=\"widget\" data-e-type=\"widget\" data-widget_type=\"text-editor.default\">\n\t\t\t\t\t\t\t\t\t<strong>3.<\/strong>\u00a0Quelle que soit leur dresse personnelle, les acheteurs doivent se trouver physiquement dans la province de l&rsquo;Ontario au moment de l&rsquo;achat, qu&rsquo;il s&rsquo;agisse de billets en ligne ou de billets papier. Si les billets ont \u00e9t\u00e9 achet\u00e9s alors que l&rsquo;acheteur ne se trouvait pas physiquement dans la province, celui-ci et son billet seront disqualifi\u00e9s et ne pourront participer au tirage au sort et\/ou gagner.\t\t\t\t\t\t\t\t<\/div>\n\t\t\t\t<div class=\"elementor-element elementor-element-78fa290 elementor-widget elementor-widget-text-editor\" data-id=\"78fa290\" data-element_type=\"widget\" data-e-type=\"widget\" data-widget_type=\"text-editor.default\">\n\t\t\t\t\t\t\t\t\t<p><strong>4.<\/strong> Les billets co\u00fbtent 10 $ chacun. Les cartes de cr\u00e9dit et certaines cartes de d\u00e9bit sont accept\u00e9es comme moyen de paiement lors de l&rsquo;achat de billets en ligne sur <a href=\"https:\/\/russellkincta.ca\/\">www.russellkincta.ca<\/a> Les terminaux de paiement par carte de d\u00e9bit\/cr\u00e9dit peuvent \u00e9galement \u00eatre utilis\u00e9s pour l&rsquo;achat de billets papier.<\/p>\t\t\t\t\t\t\t\t<\/div>\n\t\t\t\t<div class=\"elementor-element elementor-element-530ef19 elementor-widget elementor-widget-text-editor\" data-id=\"530ef19\" data-element_type=\"widget\" data-e-type=\"widget\" data-widget_type=\"text-editor.default\">\n\t\t\t\t\t\t\t\t\t<strong>5.<\/strong> Il n&rsquo;y a pas de limite au nombre de billets pouvant \u00eatre achet\u00e9s.\t\t\t\t\t\t\t\t<\/div>\n\t\t\t\t<div class=\"elementor-element elementor-element-2552a09 elementor-widget elementor-widget-text-editor\" data-id=\"2552a09\" data-element_type=\"widget\" data-e-type=\"widget\" data-widget_type=\"text-editor.default\">\n\t\t\t\t\t\t\t\t\t<strong>6.<\/strong> L&rsquo;acheteur N&rsquo;A PAS besoin d&rsquo;\u00eatre physiquement pr\u00e9sent lors du tirage au sort pour gagner.\t\t\t\t\t\t\t\t<\/div>\n\t\t\t\t<div class=\"elementor-element elementor-element-9ee076d elementor-widget elementor-widget-text-editor\" data-id=\"9ee076d\" data-element_type=\"widget\" data-e-type=\"widget\" data-widget_type=\"text-editor.default\">\n\t\t\t\t\t\t\t\t\t<strong>7.<\/strong> L&rsquo;acheteur n&rsquo;a pas besoin de la confirmation par courriel ni du talon du billet pour r\u00e9clamer son prix. Le d\u00e9tenteur du billet gagnant sera avis\u00e9 par t\u00e9l\u00e9phone et inform\u00e9 de la date et du lieu o\u00f9 il pourra r\u00e9clamer son prix. Une pi\u00e8ce d&rsquo;identit\u00e9 avec photo peut \u00eatre exig\u00e9e sur demande pour r\u00e9clamer un prix. Tous les prix seront pay\u00e9s par ch\u00e8que, en dollars canadiens, \u00e0 la personne dont le nom figure sur le billet gagnant.\t\t\t\t\t\t\t\t<\/div>\n\t\t\t\t<div class=\"elementor-element elementor-element-dade462 elementor-widget elementor-widget-text-editor\" data-id=\"dade462\" data-element_type=\"widget\" data-e-type=\"widget\" data-widget_type=\"text-editor.default\">\n\t\t\t\t\t\t\t\t\t<p><strong>8.<\/strong> Tous les re\u00e7us des billets achet\u00e9s en ligne seront envoy\u00e9s par courriel uniquement, dans les 24 heures suivant la confirmation de la commande. Il incombe \u00e0 l&rsquo;acheteur du billet de s&rsquo;assurer qu&rsquo;il re\u00e7oit son re\u00e7u. Toutefois, les acheteurs n&rsquo;ont pas besoin de leur re\u00e7u pour participer aux tirages au sort ou pour gagner. Si vous n&rsquo;avez pas re\u00e7u vos re\u00e7us et que vous en avez toujours besoin, veuillez contacter le service d&rsquo;assistance \u00e0 l&rsquo;adresse <a href=\"mailto:CTAHelpdesk@kinclubofrussell.ca\">CTAHelpdesk@kinclubofrussell.ca\u00a0<\/a>. Si l&rsquo;acheteur n&rsquo;a pas re\u00e7u son re\u00e7u en raison d&rsquo;une erreur de sa part (adresse el\u00e9ctronique), le Club Kin de Russell lui indiquera si son billet est valide et inclus dans le tirage au sort, mais il ne lui sera pas retourn\u00e9.<\/p>\t\t\t\t\t\t\t\t<\/div>\n\t\t\t\t<div class=\"elementor-element elementor-element-cbcfb3f elementor-widget elementor-widget-text-editor\" data-id=\"cbcfb3f\" data-element_type=\"widget\" data-e-type=\"widget\" data-widget_type=\"text-editor.default\">\n\t\t\t\t\t\t\t\t\t<strong>9.<\/strong> Les billets ne sont valables que pour le tirage au sort organis\u00e9 pendant la semaine o\u00f9 ils ont \u00e9t\u00e9 achet\u00e9s (sauf en cas de lancement ou de circonstances exceptionnelles). La semaine commence le dimanche \u00e0 16 h, lorsqu\u2019une nouvelle s\u00e9rie de num\u00e9ros de billets est mise \u00e0 disposition et que les billets papier peuvent \u00eatre vendus jusqu&rsquo;\u00e0 midi chaque dimanche (la vente de billets en ligne cesse \u00e0 22 h le samedi), suivi du tirage hebdomadaire \u00e0 15 h 15 le dimanche. \t\t\t\t\t\t\t\t<\/div>\n\t\t\t\t<div class=\"elementor-element elementor-element-0b07430 elementor-widget elementor-widget-text-editor\" data-id=\"0b07430\" data-element_type=\"widget\" data-e-type=\"widget\" data-widget_type=\"text-editor.default\">\n\t\t\t\t\t\t\t\t\t<strong>10.<\/strong> Pour l&rsquo;achat en personne de billets papier, l&rsquo;acheteur ne doit pas alt\u00e9rer ou modifier le billet en y ajoutant des autocollants d&rsquo;adresse ou tout autre \u00e9l\u00e9ment susceptible d&rsquo;en modifier le poids, la taille ou le toucher. Cela inclut le pliage, le froissement, l&rsquo;apposition d&rsquo;autocollants d&rsquo;adresse ou le froissement des billets. Les talons de billets papier remplis ne peuvent inclure aucune partie du re\u00e7u du billet afin d&rsquo;augmenter la taille du billet. (Ils doivent \u00eatre d\u00e9chir\u00e9s au niveau de la ligne perfor\u00e9e.) Tout billet trouv\u00e9 ayant \u00e9t\u00e9 modifi\u00e9 comme indiqu\u00e9 ci-dessus sera retir\u00e9 du tirage au sort ou disqualifi\u00e9 s&rsquo;il est trouv\u00e9 dans le tambour pendant le tirage au sort.\t\t\t\t\t\t\t\t<\/div>\n\t\t\t\t<div class=\"elementor-element elementor-element-2a1d250 elementor-widget elementor-widget-text-editor\" data-id=\"2a1d250\" data-element_type=\"widget\" data-e-type=\"widget\" data-widget_type=\"text-editor.default\">\n\t\t\t\t\t\t\t\t\t<p><strong>11.\u00a0<\/strong>Pour l&rsquo;achat en personne de billets papier, l&rsquo;acheteur doit :<\/p><ul><li>Remplir le billet, en indiquant son nom, ses coordonn\u00e9es et un (1) num\u00e9ro d&rsquo;enveloppe (par billet). Entrer un num\u00e9ro d&rsquo;enveloppe valide (de 1 \u00e0 52) parmi la liste des num\u00e9ros disponibles affich\u00e9e sur le lieu de vente.<\/li><li>S&rsquo;assurer que le billet est rempli de mani\u00e8re compl\u00e8te et lisible. Si le billet est illisible ou s&rsquo;il est impossible de d\u00e9terminer le num\u00e9ro de t\u00e9l\u00e9phone et\/ou le nom de l&rsquo;acheteur, le Club Kin de Russell mettra tout en \u0153uvre pour identifier l&rsquo;acheteur. S&rsquo;il n&rsquo;est pas possible d&rsquo;identifier l&rsquo;acheteur, le billet sera retir\u00e9 du tirage au sort.<\/li><\/ul>\t\t\t\t\t\t\t\t<\/div>\n\t\t\t\t<div class=\"elementor-element elementor-element-77908a8 elementor-widget elementor-widget-text-editor\" data-id=\"77908a8\" data-element_type=\"widget\" data-e-type=\"widget\" data-widget_type=\"text-editor.default\">\n\t\t\t\t\t\t\t\t\t<p><strong>12.\u00a0<\/strong>Pour l&rsquo;achat de billets en ligne, l&rsquo;acheteur doit :<\/p><ul><li>Saisir ses coordonn\u00e9es, notamment son nom, son adresse \u00e9lectronique, ses coordonn\u00e9es et un (1) num\u00e9ro d&rsquo;enveloppe. S\u00e9lectionner un num\u00e9ro d&rsquo;enveloppe valide (de 1 \u00e0 52) dans la liste d\u00e9roulante des num\u00e9ros disponibles.<\/li><li>Effectuer le paiement s\u00e9curis\u00e9 \u00e0 l&rsquo;aide d&rsquo;une carte de cr\u00e9dit ou une carte de d\u00e9bit valide.<\/li><\/ul>\t\t\t\t\t\t\t\t<\/div>\n\t\t\t\t<div class=\"elementor-element elementor-element-d145fec elementor-widget elementor-widget-text-editor\" data-id=\"d145fec\" data-element_type=\"widget\" data-e-type=\"widget\" data-widget_type=\"text-editor.default\">\n\t\t\t\t\t\t\t\t\t<strong>13.<\/strong> Les d\u00e9tails (nom de l&rsquo;acheteur, coordonn\u00e9es et num\u00e9ro d&rsquo;enveloppe s\u00e9lectionn\u00e9) des billets achet\u00e9s en ligne seront imprim\u00e9s sur du papier de taille, de qualit\u00e9 et de poids identiques \u00e0 ceux utilis\u00e9s pour les ventes en personne et seront inclus au tirage au sort.\t\t\t\t\t\t\t\t<\/div>\n\t\t\t\t<div class=\"elementor-element elementor-element-e5fb665 elementor-widget elementor-widget-text-editor\" data-id=\"e5fb665\" data-element_type=\"widget\" data-e-type=\"widget\" data-widget_type=\"text-editor.default\">\n\t\t\t\t\t\t\t\t\t<strong>14.<\/strong> Chaque dimanche \u00e0 15 h 15, au 1 Birch Court, Russell, Ontario (1) un billet sera tir\u00e9 au sort par un membre du conseil d&rsquo;administration de Trouvez l\u2019As ou une personne ajouter une virgule entre d\u00e9sign\u00e9e et parmi tous les billets vendus cette semaine-l\u00e0 (ventes en personne et en ligne). Un (1) seul billet sera tir\u00e9 chaque semaine. L&rsquo;enveloppe portant le num\u00e9ro sur le billet sera ouverte.\t\t\t\t\t\t\t\t<\/div>\n\t\t\t\t<div class=\"elementor-element elementor-element-c328d8d elementor-widget elementor-widget-text-editor\" data-id=\"c328d8d\" data-element_type=\"widget\" data-e-type=\"widget\" data-widget_type=\"text-editor.default\">\n\t\t\t\t\t\t\t\t\t<p><strong>16.<\/strong> Si le conseil d&rsquo;administration du Club Kin de Russell Trouvez l&rsquo;As juge n\u00e9cessaire de d\u00e9placer le tirage vers un endroit plus grand ou plus s\u00fbr\/isol\u00e9, la CAJO sera inform\u00e9e du changement de lieu.\u00a0\u00a0 Le public sera \u00e9galement inform\u00e9 via les r\u00e9seaux sociaux.\u00a0 Les alternatives au site situ\u00e9 au 1 Birch Court \u00e0 Russell, en Ontario, sont les suivantes :<\/p><ul><li>le centre communautaire Camille Pich\u00e9 (8, rue Blais, Embrun, Ontario),<\/li><li>la patinoire Russell Arena (1084, rue Concession, Russell, Ontario),<\/li><li>le Russell Township Sports Dome (150, rue Sportsplex, Embrun, Ontario).<\/li><\/ul>\t\t\t\t\t\t\t\t<\/div>\n\t\t\t\t<div class=\"elementor-element elementor-element-b4dada7 elementor-widget elementor-widget-text-editor\" data-id=\"b4dada7\" data-element_type=\"widget\" data-e-type=\"widget\" data-widget_type=\"text-editor.default\">\n\t\t\t\t\t\t\t\t\t<p><strong>16.<\/strong> The winning ticket holder will win 20% of the weekly ticket sales and a chance to draw for the current Catch the Ace jackpot. The envelope number as shown on the ticket will be opened.<\/p>\t\t\t\t\t\t\t\t<\/div>\n\t\t\t\t<div class=\"elementor-element elementor-element-fd8c8f0 elementor-widget elementor-widget-text-editor\" data-id=\"fd8c8f0\" data-element_type=\"widget\" data-e-type=\"widget\" data-widget_type=\"text-editor.default\">\n\t\t\t\t\t\t\t\t\t<p><strong>17.<\/strong> Si le billet tir\u00e9 ne comporte pas de num\u00e9ro d&rsquo;enveloppe ou comporte un num\u00e9ro invalide, le conseil d&rsquo;administration de Trouvez l\u2019As ou son repr\u00e9sentant fera une (1) tentative pour contacter le d\u00e9tenteur du billet au num\u00e9ro de t\u00e9l\u00e9phone indiqu\u00e9 sur le billet. Le d\u00e9tenteur du billet sera invit\u00e9 \u00e0 choisir un num\u00e9ro parmi les num\u00e9ros d&rsquo;enveloppe restants disponibles et cette carte sera d\u00e9voil\u00e9e. Si le d\u00e9tenteur ne peut \u00eatre joint, ou s&rsquo;il ne peut pas prendre leur d\u00e9cision rapidement, le num\u00e9ro d&rsquo;enveloppe le plus bas restant sera s\u00e9lectionn\u00e9 par le conseil d&rsquo;administration de Trouvez l\u2019As.<\/p>\t\t\t\t\t\t\t\t<\/div>\n\t\t\t\t<div class=\"elementor-element elementor-element-f91e023 elementor-widget elementor-widget-text-editor\" data-id=\"f91e023\" data-element_type=\"widget\" data-e-type=\"widget\" data-widget_type=\"text-editor.default\">\n\t\t\t\t\t\t\t\t\t<p><strong>18.<\/strong> Si l&rsquo;enveloppe s\u00e9lectionn\u00e9e contient l&rsquo;as de pique, le d\u00e9tenteur du billet re\u00e7oit le montant du gros lot progressif Trouvez l&rsquo;As. Cela conclut la s\u00e9rie de tirages pour cette tombola. Si l&rsquo;enveloppe s\u00e9lectionn\u00e9e ne contient pas l&rsquo;as de pique, la carte est d\u00e9truite et le num\u00e9ro de l&rsquo;enveloppe est retir\u00e9 des tirages suivants.<\/p>\t\t\t\t\t\t\t\t<\/div>\n\t\t\t\t<div class=\"elementor-element elementor-element-2359f5c elementor-widget elementor-widget-text-editor\" data-id=\"2359f5c\" data-element_type=\"widget\" data-e-type=\"widget\" data-widget_type=\"text-editor.default\">\n\t\t\t\t\t\t\t\t\t<p><strong>19.<\/strong> La r\u00e9partition des recettes hebdomadaires provenant de la vente des billets est la suivante :<\/p><ul><li>20 % sont remis au d\u00e9tenteur du billet gagnant ;<\/li><li>30 % sont ajout\u00e9s au jackpot ;<\/li><li>50 % sont remis au Club Kin de Russell, qui les distribuera \u00e0 des fins caritatives apr\u00e8s d\u00e9duction des frais l\u00e9gitimes.<\/li><\/ul>\t\t\t\t\t\t\t\t<\/div>\n\t\t\t\t<div class=\"elementor-element elementor-element-b2bd4c2 elementor-widget elementor-widget-text-editor\" data-id=\"b2bd4c2\" data-element_type=\"widget\" data-e-type=\"widget\" data-widget_type=\"text-editor.default\">\n\t\t\t\t\t\t\t\t\t<strong>20.<\/strong> Tous les tirages sont enregistr\u00e9s sur vid\u00e9o afin de garantir l&rsquo;int\u00e9grit\u00e9 du tirage au sort. Cela comprend le tirage du billet, la s\u00e9lection de l&rsquo;enveloppe, l&rsquo;ouverture de l&rsquo;enveloppe et le d\u00e9voilement de la carte, ainsi que la destruction de la carte.\t\t\t\t\t\t\t\t<\/div>\n\t\t\t\t<div class=\"elementor-element elementor-element-342cc26 elementor-widget elementor-widget-text-editor\" data-id=\"342cc26\" data-element_type=\"widget\" data-e-type=\"widget\" data-widget_type=\"text-editor.default\">\n\t\t\t\t\t\t\t\t\t<strong>21.<\/strong> Les membres du conseil d&rsquo;administration de Trouvez l&rsquo;As et\/ou les personnes r\u00e9sidant \u00e0 la m\u00eame adresse que l&rsquo;un des membres du conseil d&rsquo;administration de Trouvez l&rsquo;As ne sont pas autoris\u00e9s \u00e0 acheter des billets, \u00e0 l&rsquo;exception suivante : les membres du conseil d&rsquo;administration de Trouvez l&rsquo;As peuvent aider \u00e0 acheter des billets Trouvez l&rsquo;As pour d&rsquo;autres personnes qui rencontrent des difficult\u00e9s techniques ou autres pour le faire, \u00e0 condition qu&rsquo;elles remplissent toutes les autres conditions d&rsquo;\u00e9ligibilit\u00e9.\t\t\t\t\t\t\t\t<\/div>\n\t\t\t\t<div class=\"elementor-element elementor-element-9012813 elementor-widget elementor-widget-text-editor\" data-id=\"9012813\" data-element_type=\"widget\" data-e-type=\"widget\" data-widget_type=\"text-editor.default\">\n\t\t\t\t\t\t\t\t\t<strong>22.<\/strong> Toute personne gagnante qui re\u00e7oit un prix accepte d&rsquo;accorder au Kin Club of Russell le droit irr\u00e9vocable de publier, par le biais de tous types de m\u00e9dias, y compris Internet, \u00e0 des fins de promotion du gain, son nom complet, sa ville natale et sa photo\/vid\u00e9o, sans pouvoir pr\u00e9tendre \u00e0 aucun droit de diffusion, d&rsquo;impression ou autre.  \t\t\t\t\t\t\t\t<\/div>\n\t\t\t\t<div class=\"elementor-element elementor-element-4a8a2a8 elementor-widget elementor-widget-text-editor\" data-id=\"4a8a2a8\" data-element_type=\"widget\" data-e-type=\"widget\" data-widget_type=\"text-editor.default\">\n\t\t\t\t\t\t\t\t\t<strong>23.<\/strong> Le gagnant qui re\u00e7oit un prix accorde \u00e9galement au Club Kin de Russell le droit de publier toute information suppl\u00e9mentaire qu&rsquo;il fournit volontairement. Le gagnant ne pourra intenter aucune action contre le Club Kin de Russell pour atteinte \u00e0 la vie priv\u00e9e ou pour tout autre motif en raison de la publication ou de la diffusion de son nom, de sa ville natale, de sa photo\/vid\u00e9o ou de toute information fournie volontairement par le gagnant.\t\t\t\t\t\t\t\t<\/div>\n\t\t\t\t<div class=\"elementor-element elementor-element-2f9be9b elementor-widget elementor-widget-text-editor\" data-id=\"2f9be9b\" data-element_type=\"widget\" data-e-type=\"widget\" data-widget_type=\"text-editor.default\">\n\t\t\t\t\t\t\t\t\t<strong>24.<\/strong> Le gagnant fournira son nom complet, son adresse et son num\u00e9ro de t\u00e9l\u00e9phone au Club Kin de Russell afin de satisfaire aux exigences de d\u00e9claration de la CAJO. L&rsquo;adresse et le num\u00e9ro de t\u00e9l\u00e9phone ne seront PAS rendus publics.\t\t\t\t\t\t\t\t<\/div>\n\t\t\t\t<div class=\"elementor-element elementor-element-90f6115 elementor-widget elementor-widget-text-editor\" data-id=\"90f6115\" data-element_type=\"widget\" data-e-type=\"widget\" data-widget_type=\"text-editor.default\">\n\t\t\t\t\t\t\t\t\t<p><strong>25.<\/strong> Les r\u00e9sultats du tirage au sort seront publi\u00e9s sur le site Internet du Club Kin de Russell \u00e0 l&rsquo;adresse <a href=\"https:\/\/russellkincta.ca\/\">www.russellkincta.ca<\/a> , via Mailchimp aux abonn\u00e9s de Trouvez l&rsquo;As et sur la page Facebook du Club Kin de Russell. Une fois l&rsquo;as de pique r\u00e9v\u00e9l\u00e9, le jeu est termin\u00e9 et la CAJO en est imm\u00e9diatement inform\u00e9e.<\/p>\t\t\t\t\t\t\t\t<\/div>\n\t\t\t\t<div class=\"elementor-element elementor-element-e7f4cdd elementor-widget elementor-widget-text-editor\" data-id=\"e7f4cdd\" data-element_type=\"widget\" data-e-type=\"widget\" data-widget_type=\"text-editor.default\">\n\t\t\t\t\t\t\t\t\t<strong>26.<\/strong> La s\u00e9rie de tirages au sort se poursuivra jusqu&rsquo;\u00e0 ce que l&rsquo;as de pique soit r\u00e9v\u00e9l\u00e9..\t\t\t\t\t\t\t\t<\/div>\n\t\t\t\t<div class=\"elementor-element elementor-element-f7acbcd elementor-widget elementor-widget-text-editor\" data-id=\"f7acbcd\" data-element_type=\"widget\" data-e-type=\"widget\" data-widget_type=\"text-editor.default\">\n\t\t\t\t\t\t\t\t\t<strong>27.<\/strong> Ce tirage au sort est r\u00e9gi par les conditions g\u00e9n\u00e9rales de la CAJO.\t\t\t\t\t\t\t\t<\/div>\n\t\t\t\t<div class=\"elementor-element elementor-element-9afb09f elementor-widget elementor-widget-text-editor\" data-id=\"9afb09f\" data-element_type=\"widget\" data-e-type=\"widget\" data-widget_type=\"text-editor.default\">\n\t\t\t\t\t\t\t\t\t<strong>28.<\/strong> Le Club Kin de Russell reconna\u00eet que, conform\u00e9ment \u00e0 la r\u00e9glementation deal  CAJO et en tant que titulaire du permis, il a le dernier mot sur la r\u00e9partition des fonds entre les organismes de bienfaisance.\t\t\t\t\t\t\t\t<\/div>\n\t\t\t\t<div class=\"elementor-element elementor-element-d2e7e20 elementor-widget elementor-widget-text-editor\" data-id=\"d2e7e20\" data-element_type=\"widget\" data-e-type=\"widget\" data-widget_type=\"text-editor.default\">\n\t\t\t\t\t\t\t\t\t<strong>29.<\/strong> Le Kin Club de Russell se r\u00e9serve le droit d&rsquo;interdire ou de refuser la vente de billets \u00e0 toute personne.\t\t\t\t\t\t\t\t<\/div>\n\t\t\t\t<div class=\"elementor-element elementor-element-d3c0519 elementor-widget elementor-widget-text-editor\" data-id=\"d3c0519\" data-element_type=\"widget\" data-e-type=\"widget\" data-widget_type=\"text-editor.default\">\n\t\t\t\t\t\t\t\t\t<strong>30.<\/strong> Les estimations dugros lot et des gains hebdomadaires ne sont que des estimations. Le Club Kin de Russell utilise des graphiques et des calculs bas\u00e9s sur les performances et les ventes ant\u00e9rieures pour estimer le montant du jackpot et des gains hebdomadaires, mais il ne s&rsquo;agit que d&rsquo;estimations et seuls les chiffres r\u00e9els seront pris en compte. Le montant exact du prix hebdomadaire et du gros lot progressif sera annonc\u00e9 avant chaque tirage.\t\t\t\t\t\t\t\t<\/div>\n\t\t\t\t<div class=\"elementor-element elementor-element-ee66ef8 elementor-widget elementor-widget-text-editor\" data-id=\"ee66ef8\" data-element_type=\"widget\" data-e-type=\"widget\" data-widget_type=\"text-editor.default\">\n\t\t\t\t\t\t\t\t\t<strong>31.<\/strong> Les prix seront conserv\u00e9s pendant une p\u00e9riode de six (6) mois apr\u00e8s chaque tirage hebdomadaire. Les prix non r\u00e9clam\u00e9s seront signal\u00e9s \u00e0 la Commission des alcools et des jeux de l&rsquo;Ontario, qui approuvera leur attribution \u00e0 des organismes de bienfaisance.\t\t\t\t\t\t\t\t<\/div>\n\t\t\t\t<div class=\"elementor-element elementor-element-424d9bc elementor-widget elementor-widget-text-editor\" data-id=\"424d9bc\" data-element_type=\"widget\" data-e-type=\"widget\" data-widget_type=\"text-editor.default\">\n\t\t\t\t\t\t\t\t\t<strong>32.<\/strong> En achetant un billet pour la loterie Trouvez l&rsquo;As du Club Kin de Russell, l&rsquo;acheteur reconna\u00eet avoir lu, compris et accept\u00e9 le pr\u00e9sent r\u00e8glement. Toutes les demandes de renseignements concernant le d\u00e9roulement, les chances de gagner, les prix ou les proc\u00e9dures des loteries doivent \u00eatre adress\u00e9es au Club Kin de Russell avant l&rsquo;achat d&rsquo;un billet en ligne ou papier.\t\t\t\t\t\t\t\t<\/div>\n\t\t\t\t<div class=\"elementor-element elementor-element-ff8d596 elementor-widget elementor-widget-text-editor\" data-id=\"ff8d596\" data-element_type=\"widget\" data-e-type=\"widget\" data-widget_type=\"text-editor.default\">\n\t\t\t\t\t\t\t\t\t<p><strong>33.<\/strong> Au moins deux membres du conseil d&rsquo;administration de Trouvez l&rsquo;As doivent participer \u00e0 la cr\u00e9ation des 52 nouvelles enveloppes pour le nouveau tirage. La cr\u00e9ation des nouvelles enveloppes est enregistr\u00e9e sur vid\u00e9o et disponible sur notre site Internet pour consultation publique, une fois le tirage termin\u00e9.<\/p><ul><li>Un nouveau jeu de 52 cartes \u00e0 jouer est m\u00e9lang\u00e9 soigneusement et plac\u00e9 face cach\u00e9e. Les cartes sont ensuite plac\u00e9es individuellement dans des enveloppes (toujours face cach\u00e9e), puis scell\u00e9es. Une fois que les 52 cartes ont \u00e9t\u00e9 plac\u00e9es dans des enveloppes et scell\u00e9es, elles sont \u00e0 nouveau m\u00e9lang\u00e9es. Elles sont ensuite num\u00e9rot\u00e9es\/\u00e9tiquet\u00e9es individuellement de 1 \u00e0 52, puis plac\u00e9es par ordre num\u00e9rique dans une vitrine verrouill\u00e9e.<\/li><li>La vitrine verrouill\u00e9e est conserv\u00e9e par un membre du conseil d&rsquo;administration de Trouvez l\u2019As.<\/li><\/ul>\t\t\t\t\t\t\t\t<\/div>\n\t\t\t\t\t<\/div>\n\t\t\t\t<\/div>\n\t\t\t\t<\/div>\n\t\t","protected":false},"excerpt":{"rendered":"<p>1. Les participants doivent \u00eatre \u00e2g\u00e9s d&rsquo;au moins 18 ans pour acheter des billets. Toute personne mineure achetant des billets sera disqualifi\u00e9e du tirage au sort et\/ou ne pourra pas gagner.2. Les billets ne peuvent \u00eatre achet\u00e9s au nom de personnes mineures ou en leur nom. Encore une fois, ces personnes et leurs billets seraient [&hellip;]<\/p>\n","protected":false},"author":2,"featured_media":0,"parent":0,"menu_order":4,"comment_status":"closed","ping_status":"closed","template":"elementor_header_footer","meta":{"_acf_changed":false,"_seopress_robots_primary_cat":"","_seopress_titles_title":"","_seopress_titles_desc":"D\u00e9couvrez les r\u00e8gles du jeu Russell Kinetics : billets r\u00e9serv\u00e9s aux 18 ans et plus. Tout achat par ou pour un mineur entra\u00eene la disqualification.","_seopress_robots_index":"","footnotes":""},"class_list":["post-393","page","type-page","status-publish","hentry"],"acf":[],"_links":{"self":[{"href":"https:\/\/russellkincta.ca\/fr\/wp-json\/wp\/v2\/pages\/393","targetHints":{"allow":["GET"]}}],"collection":[{"href":"https:\/\/russellkincta.ca\/fr\/wp-json\/wp\/v2\/pages"}],"about":[{"href":"https:\/\/russellkincta.ca\/fr\/wp-json\/wp\/v2\/types\/page"}],"author":[{"embeddable":true,"href":"https:\/\/russellkincta.ca\/fr\/wp-json\/wp\/v2\/users\/2"}],"replies":[{"embeddable":true,"href":"https:\/\/russellkincta.ca\/fr\/wp-json\/wp\/v2\/comments?post=393"}],"version-history":[{"count":11,"href":"https:\/\/russellkincta.ca\/fr\/wp-json\/wp\/v2\/pages\/393\/revisions"}],"predecessor-version":[{"id":3662,"href":"https:\/\/russellkincta.ca\/fr\/wp-json\/wp\/v2\/pages\/393\/revisions\/3662"}],"wp:attachment":[{"href":"https:\/\/russellkincta.ca\/fr\/wp-json\/wp\/v2\/media?parent=393"}],"curies":[{"name":"wp","href":"https:\/\/api.w.org\/{rel}","templated":true}]}}